{"id":31728,"date":"2026-02-28T22:05:05","date_gmt":"2026-02-28T22:05:05","guid":{"rendered":"https:\/\/minikkitap.com\/index.php\/product\/kaptan-dusukdon-ve-dunya-disindan-gelen-inanilamayacak-kadar-yaramaz-asci-kadinlarin-saldirisi\/"},"modified":"2026-02-28T22:05:05","modified_gmt":"2026-02-28T22:05:05","slug":"kaptan-dusukdon-ve-dunya-disindan-gelen-inanilamayacak-kadar-yaramaz-asci-kadinlarin-saldirisi","status":"publish","type":"product","link":"https:\/\/minikkitap.com\/index.php\/product\/kaptan-dusukdon-ve-dunya-disindan-gelen-inanilamayacak-kadar-yaramaz-asci-kadinlarin-saldirisi\/","title":{"rendered":"KAPTAN D\u00dc\u015e\u00dcKDON VE D\u00dcNYA DI\u015eINDAN GELEN  INANILAMAYACAK KADAR YARAMAZ A\u015e\u00c7I KADINLARIN SALDIRISI"},"content":{"rendered":"<p>Kaptan D\u00fc\u015f\u00fckdon, \u00f6nce \u015feytan Dr. Bebekbezi&#8217;ni yendi, sonra da korkun\u00e7, konu\u015fan tuvaletleri yok etti&#8230; \u015eimdi ise kendi can\u0131n\u0131 kurtar-mak i\u00e7in sava\u015f\u0131yor. Bakal\u0131m Kaptan D\u00fc\u015f\u00fckdon ve yarat\u0131c\u0131lar\u0131 George&#8217;la Harold, t\u00fcm d\u00fcnyay\u0131 ele ge\u00e7irmeye \u00e7al\u0131\u015fan k\u0131l\u0131k de\u011fi\u015ftirmi\u015f \u00fc\u00e7 dev uzayl\u0131yla nas\u0131l sava\u015facak? \u015eimdi, olaylar\u0131 derinlemesine inceleyip Kaptan D\u00fc\u015f\u00fckdon&#8217;un uzayl\u0131 maceras\u0131nda neler yapt\u0131\u011f\u0131n\u0131 \u00f6\u011frenme zaman\u0131.<\/p>\n","protected":false},"excerpt":{"rendered":"<p>Author Name : DAV PILKEY<\/p>\n","protected":false},"featured_media":31730,"comment_status":"closed","ping_status":"open","template":"","meta":[],"product_brand":[],"product_cat":[72],"product_tag":[],"class_list":{"0":"post-31728","1":"product","2":"type-product","3":"status-publish","4":"has-post-thumbnail","6":"product_cat-cocuk-kitaplari","8":"first","9":"instock","10":"purchasable","11":"product-type-simple"},"_links":{"self":[{"href":"https:\/\/minikkitap.com\/index.php\/wp-json\/wp\/v2\/product\/31728","targetHints":{"allow":["GET"]}}],"collection":[{"href":"https:\/\/minikkitap.com\/index.php\/wp-json\/wp\/v2\/product"}],"about":[{"href":"https:\/\/minikkitap.com\/index.php\/wp-json\/wp\/v2\/types\/product"}],"replies":[{"embeddable":true,"href":"https:\/\/minikkitap.com\/index.php\/wp-json\/wp\/v2\/comments?post=31728"}],"version-history":[{"count":1,"href":"https:\/\/minikkitap.com\/index.php\/wp-json\/wp\/v2\/product\/31728\/revisions"}],"predecessor-version":[{"id":31729,"href":"https:\/\/minikkitap.com\/index.php\/wp-json\/wp\/v2\/product\/31728\/revisions\/31729"}],"wp:featuredmedia":[{"embeddable":true,"href":"https:\/\/minikkitap.com\/index.php\/wp-json\/wp\/v2\/media\/31730"}],"wp:attachment":[{"href":"https:\/\/minikkitap.com\/index.php\/wp-json\/wp\/v2\/media?parent=31728"}],"wp:term":[{"taxonomy":"product_brand","embeddable":true,"href":"https:\/\/minikkitap.com\/index.php\/wp-json\/wp\/v2\/product_brand?post=31728"},{"taxonomy":"product_cat","embeddable":true,"href":"https:\/\/minikkitap.com\/index.php\/wp-json\/wp\/v2\/product_cat?post=31728"},{"taxonomy":"product_tag","embeddable":true,"href":"https:\/\/minikkitap.com\/index.php\/wp-json\/wp\/v2\/product_tag?post=31728"}],"curies":[{"name":"wp","href":"https:\/\/api.w.org\/{rel}","templated":true}]}}