{"id":31700,"date":"2026-03-07T22:00:04","date_gmt":"2026-03-07T22:00:04","guid":{"rendered":"https:\/\/minikkitap.com\/index.php\/product\/kedi-cocuk-cizgi-roman-kulubu-perspektif\/"},"modified":"2026-03-07T22:00:04","modified_gmt":"2026-03-07T22:00:04","slug":"kedi-cocuk-cizgi-roman-kulubu-perspektif","status":"publish","type":"product","link":"https:\/\/minikkitap.com\/index.php\/product\/kedi-cocuk-cizgi-roman-kulubu-perspektif\/","title":{"rendered":"KED\u0130 \u00c7OCUK \u00c7\u0130ZG\u0130 ROMAN KUL\u00dcB\u00dc PERSPEKT\u0130F"},"content":{"rendered":"<p>K\u00f6pek Adam ve Kaptan D\u00fc\u015f\u00fckdon serilerinin uluslararas\u0131 \u00e7ok satan yazar\u0131 ve \u00e7izeri Dav Pilkey&#8217;den yine a\u015f\u0131r\u0131 komik bir \u00e7izgi roman serisi! Flippy, Molly, K\u00fc\u00e7\u00fck Petey ve yirmi bir kurba\u011fa yavrusunun s\u00f6yleyecek mutlaka bir \u015feyleri var. Fakat Naomi ve Melvin onlarla ayn\u0131 fikirde de\u011filler ve Poppy d\u00fcnyay\u0131 karde\u015flerinden farkl\u0131 alg\u0131l\u0131yor&#8230; Yani hepsinin bak\u0131\u015f a\u00e7\u0131s\u0131 farkl\u0131. B\u00fct\u00fcn bu zorluklara ra\u011fmen yavru kurba\u011falar birlikte nas\u0131l \u00e7al\u0131\u015facaklar\u0131 n\u0131 hem s\u0131n\u0131f i\u00e7inde hem de s\u0131n\u0131f d\u0131\u015f\u0131nda birbirlerinin bak\u0131\u015f a\u00e7\u0131lar\u0131na nas\u0131l sayg\u0131 duymalar\u0131 gerekti\u011fini \u00f6\u011frenebilecekler mi? Minik yaramazlar \u00e7izgi romanlar\u0131n\u0131 yazmaya devam ederken bizleri de bol kahkahal\u0131 ve bol maceral\u0131 bir \u00f6yk\u00fcn\u00fcn i\u00e7ine \u00e7ekiyorlar.<\/p>\n","protected":false},"excerpt":{"rendered":"<p>Author Name : DAV PILKEY<\/p>\n","protected":false},"featured_media":31702,"comment_status":"closed","ping_status":"open","template":"","meta":[],"product_brand":[],"product_cat":[72],"product_tag":[],"class_list":{"0":"post-31700","1":"product","2":"type-product","3":"status-publish","4":"has-post-thumbnail","6":"product_cat-cocuk-kitaplari","8":"first","9":"instock","10":"purchasable","11":"product-type-simple"},"_links":{"self":[{"href":"https:\/\/minikkitap.com\/index.php\/wp-json\/wp\/v2\/product\/31700","targetHints":{"allow":["GET"]}}],"collection":[{"href":"https:\/\/minikkitap.com\/index.php\/wp-json\/wp\/v2\/product"}],"about":[{"href":"https:\/\/minikkitap.com\/index.php\/wp-json\/wp\/v2\/types\/product"}],"replies":[{"embeddable":true,"href":"https:\/\/minikkitap.com\/index.php\/wp-json\/wp\/v2\/comments?post=31700"}],"version-history":[{"count":1,"href":"https:\/\/minikkitap.com\/index.php\/wp-json\/wp\/v2\/product\/31700\/revisions"}],"predecessor-version":[{"id":31701,"href":"https:\/\/minikkitap.com\/index.php\/wp-json\/wp\/v2\/product\/31700\/revisions\/31701"}],"wp:featuredmedia":[{"embeddable":true,"href":"https:\/\/minikkitap.com\/index.php\/wp-json\/wp\/v2\/media\/31702"}],"wp:attachment":[{"href":"https:\/\/minikkitap.com\/index.php\/wp-json\/wp\/v2\/media?parent=31700"}],"wp:term":[{"taxonomy":"product_brand","embeddable":true,"href":"https:\/\/minikkitap.com\/index.php\/wp-json\/wp\/v2\/product_brand?post=31700"},{"taxonomy":"product_cat","embeddable":true,"href":"https:\/\/minikkitap.com\/index.php\/wp-json\/wp\/v2\/product_cat?post=31700"},{"taxonomy":"product_tag","embeddable":true,"href":"https:\/\/minikkitap.com\/index.php\/wp-json\/wp\/v2\/product_tag?post=31700"}],"curies":[{"name":"wp","href":"https:\/\/api.w.org\/{rel}","templated":true}]}}