{"id":30476,"date":"2025-07-02T08:02:18","date_gmt":"2025-07-02T08:02:18","guid":{"rendered":"https:\/\/minikkitap.com\/index.php\/product\/basarinin-anahtarlari\/"},"modified":"2025-07-02T08:02:22","modified_gmt":"2025-07-02T08:02:22","slug":"basarinin-anahtarlari","status":"publish","type":"product","link":"https:\/\/minikkitap.com\/index.php\/product\/basarinin-anahtarlari\/","title":{"rendered":"BA\u015eARININ ANAHTARLARI"},"content":{"rendered":"<p>Napoleon Hill&#8217;in D\u00fc\u015f\u00fcn ve Zengin Ol adl\u0131 eseri bug\u00fcne dek i\u015f d\u00fcnyas\u0131na g\u00fc\u00e7l\u00fc bir esin kayna\u011f\u0131 olmu\u015ftur. Bu eserde de ki\u015fisel ba\u015far\u0131n\u0131n s\u0131rlar\u0131n\u0131 a\u00e7\u0131klayan on yedi ilkeyi bulacaks\u0131n\u0131z&#8230;<br \/>\n                      Ba\u015far\u0131n\u0131n Anahtarlar\u0131, i\u00e7indeki zihinsel egzersizleri, ki\u015fisel analiz teknikleri, a\u00e7\u0131k ve net \u00f6nerileri yan\u0131 s\u0131ra Bill Gates, Donna Karan gibi i\u015f d\u00fcnyas\u0131nda ba\u015far\u0131lar\u0131n\u0131 kan\u0131tlam\u0131\u015f ki\u015filerin de ger\u00e7ek hayat hik\u00e2yelerine yer veriyor.<br \/>\n                       Okuyucular\u0131n kendi ya\u015fam kalitelerini y\u00fckseltmeleri i\u00e7in ayd\u0131nlat\u0131c\u0131 ve cesaret verici \u00f6\u011fretilerle dolu paha bi\u00e7ilmez bir kitap.<\/p>\n","protected":false},"excerpt":{"rendered":"<p>Author Name : NAPOLEON HILL<\/p>\n","protected":false},"featured_media":31621,"comment_status":"closed","ping_status":"open","template":"","meta":[],"product_brand":[],"product_cat":[73],"product_tag":[],"class_list":{"0":"post-30476","1":"product","2":"type-product","3":"status-publish","4":"has-post-thumbnail","6":"product_cat-kurgu-disi","8":"first","9":"instock","10":"purchasable","11":"product-type-simple"},"_links":{"self":[{"href":"https:\/\/minikkitap.com\/index.php\/wp-json\/wp\/v2\/product\/30476","targetHints":{"allow":["GET"]}}],"collection":[{"href":"https:\/\/minikkitap.com\/index.php\/wp-json\/wp\/v2\/product"}],"about":[{"href":"https:\/\/minikkitap.com\/index.php\/wp-json\/wp\/v2\/types\/product"}],"replies":[{"embeddable":true,"href":"https:\/\/minikkitap.com\/index.php\/wp-json\/wp\/v2\/comments?post=30476"}],"version-history":[{"count":1,"href":"https:\/\/minikkitap.com\/index.php\/wp-json\/wp\/v2\/product\/30476\/revisions"}],"predecessor-version":[{"id":30477,"href":"https:\/\/minikkitap.com\/index.php\/wp-json\/wp\/v2\/product\/30476\/revisions\/30477"}],"wp:featuredmedia":[{"embeddable":true,"href":"https:\/\/minikkitap.com\/index.php\/wp-json\/wp\/v2\/media\/31621"}],"wp:attachment":[{"href":"https:\/\/minikkitap.com\/index.php\/wp-json\/wp\/v2\/media?parent=30476"}],"wp:term":[{"taxonomy":"product_brand","embeddable":true,"href":"https:\/\/minikkitap.com\/index.php\/wp-json\/wp\/v2\/product_brand?post=30476"},{"taxonomy":"product_cat","embeddable":true,"href":"https:\/\/minikkitap.com\/index.php\/wp-json\/wp\/v2\/product_cat?post=30476"},{"taxonomy":"product_tag","embeddable":true,"href":"https:\/\/minikkitap.com\/index.php\/wp-json\/wp\/v2\/product_tag?post=30476"}],"curies":[{"name":"wp","href":"https:\/\/api.w.org\/{rel}","templated":true}]}}