{"id":30416,"date":"2026-03-07T22:00:06","date_gmt":"2026-03-07T22:00:06","guid":{"rendered":"https:\/\/minikkitap.com\/index.php\/product\/ruhlar-dukkani\/"},"modified":"2026-03-07T22:00:06","modified_gmt":"2026-03-07T22:00:06","slug":"ruhlar-dukkani","status":"publish","type":"product","link":"https:\/\/minikkitap.com\/index.php\/product\/ruhlar-dukkani\/","title":{"rendered":"RUHLAR D\u00dcKKANI"},"content":{"rendered":"<p>Maine, Castle Rock kentinde yeni bir ma\u011faza a\u00e7\u0131lm\u0131\u015ft\u0131. Burada, hayalleri s\u00fcsleyen, arzular\u0131 tatmin eden, hatta ancak r\u00fcyalarda g\u00f6r\u00fclebilecek t\u00fcrden pek \u00e7ok e\u015fya vard\u0131. Yani o ma\u011fazada herkes i\u00e7in ne gerekiyorsa t\u00fcm\u00fc sat\u0131lmaktayd\u0131.Ma\u011fazan\u0131n ad\u0131 m\u0131? Eh, o da ku\u015fkusuz orada sat\u0131lanlara uygun olacakt\u0131: Gerekli \u015eeyler.Gerekli \u015eeyler d\u00fckkan\u0131n\u0131n sahibi olan Leland Gaunt, karanl\u0131k ve gizemli bir yabanc\u0131yd\u0131. Ama insanlar\u0131n gizli arzular\u0131na ula\u015fmak i\u00e7in \u00f6demeye haz\u0131r olduklar\u0131 bedel konusunda ise tam bir uzmand\u0131. Evet, her \u015feyin bir bedeli vard\u0131r ve bu, ruhunu \u015feytana satmak anlam\u0131na gelse bile Castle Rock&#8217;l\u0131lar bunu \u00f6demeye haz\u0131rd\u0131.Gerekli \u015eeyler d\u00fckkan\u0131 kente yay\u0131lan lanetin ve neredeyse cinnetin kayna\u011f\u0131yd\u0131; Leland da olanlar\u0131 keyifle izliyordu. Bu histeri \u00e7\u0131lg\u0131nl\u0131\u011f\u0131na ancak ruhunu satmayan biri dur diyebilirdi.<\/p>\n","protected":false},"excerpt":{"rendered":"<p>Author Name : STEPHEN KING<\/p>\n","protected":false},"featured_media":31563,"comment_status":"closed","ping_status":"open","template":"","meta":[],"product_brand":[],"product_cat":[74],"product_tag":[],"class_list":{"0":"post-30416","1":"product","2":"type-product","3":"status-publish","4":"has-post-thumbnail","6":"product_cat-kurgu","8":"first","9":"instock","10":"purchasable","11":"product-type-simple"},"_links":{"self":[{"href":"https:\/\/minikkitap.com\/index.php\/wp-json\/wp\/v2\/product\/30416","targetHints":{"allow":["GET"]}}],"collection":[{"href":"https:\/\/minikkitap.com\/index.php\/wp-json\/wp\/v2\/product"}],"about":[{"href":"https:\/\/minikkitap.com\/index.php\/wp-json\/wp\/v2\/types\/product"}],"replies":[{"embeddable":true,"href":"https:\/\/minikkitap.com\/index.php\/wp-json\/wp\/v2\/comments?post=30416"}],"version-history":[{"count":1,"href":"https:\/\/minikkitap.com\/index.php\/wp-json\/wp\/v2\/product\/30416\/revisions"}],"predecessor-version":[{"id":30417,"href":"https:\/\/minikkitap.com\/index.php\/wp-json\/wp\/v2\/product\/30416\/revisions\/30417"}],"wp:featuredmedia":[{"embeddable":true,"href":"https:\/\/minikkitap.com\/index.php\/wp-json\/wp\/v2\/media\/31563"}],"wp:attachment":[{"href":"https:\/\/minikkitap.com\/index.php\/wp-json\/wp\/v2\/media?parent=30416"}],"wp:term":[{"taxonomy":"product_brand","embeddable":true,"href":"https:\/\/minikkitap.com\/index.php\/wp-json\/wp\/v2\/product_brand?post=30416"},{"taxonomy":"product_cat","embeddable":true,"href":"https:\/\/minikkitap.com\/index.php\/wp-json\/wp\/v2\/product_cat?post=30416"},{"taxonomy":"product_tag","embeddable":true,"href":"https:\/\/minikkitap.com\/index.php\/wp-json\/wp\/v2\/product_tag?post=30416"}],"curies":[{"name":"wp","href":"https:\/\/api.w.org\/{rel}","templated":true}]}}