{"id":30166,"date":"2026-03-07T22:00:05","date_gmt":"2026-03-07T22:00:05","guid":{"rendered":"https:\/\/minikkitap.com\/index.php\/product\/optimum-denge-modeli\/"},"modified":"2026-03-07T22:00:05","modified_gmt":"2026-03-07T22:00:05","slug":"optimum-denge-modeli","status":"publish","type":"product","link":"https:\/\/minikkitap.com\/index.php\/product\/optimum-denge-modeli\/","title":{"rendered":"OPT\u0130MUM DENGE MODEL\u0130"},"content":{"rendered":"<p>\u201cODM&#8217;ye g\u00f6re insan do\u011fas\u0131n\u0131n iki temel bile\u015feni vard\u0131r. Bunlar bilmek ve yapmakt\u0131r. Ve bu bile\u015fenlerin amac\u0131 insan\u0131n hayatta kalmas\u0131n\u0131 sa\u011flamak ve onu mutlulu\u011fa ula\u015ft\u0131rmakt\u0131r&#8230;Bilmek hayat ve kendimize ait anlamlar\u0131 do\u011fru yere oturtmakt\u0131r&#8230;Yapmak bu anlamlara g\u00f6re davranmak ve bu s\u00fcre\u00e7te gereken yetenekleri geli\u015ftirmektir&#8230;Ve bilmekle yapmak bir s\u00fcre sonra yapa-bilmeye ve yeterince ustala\u015f\u0131ld\u0131\u011f\u0131ndaysa olmaya d\u00f6n\u00fc\u015f\u00fcr&#8230;Tamer D\u00f6v\u00fcc\u00fc sizi bu olma yolculu\u011funda Optimum Denge Modeli&#8217;yle tan\u0131\u015ft\u0131r\u0131yor ve ilk olarak T\u00fcrkiye&#8217;de geli\u015ftirilen bu felsefe, psikoterapi ve ki\u015fisel geli\u015fimi birle\u015ftiren yeni \u201cya\u015fam modeliyle\u201d size rehberlik ediyor&#8230;Keyifli yolculuklar&#8230;<\/p>\n","protected":false},"excerpt":{"rendered":"<p>Author Name : TAMER D\u00d6V\u00dcC\u00dc<\/p>\n","protected":false},"featured_media":31341,"comment_status":"closed","ping_status":"open","template":"","meta":[],"product_brand":[],"product_cat":[73],"product_tag":[],"class_list":{"0":"post-30166","1":"product","2":"type-product","3":"status-publish","4":"has-post-thumbnail","6":"product_cat-kurgu-disi","8":"first","9":"instock","10":"purchasable","11":"product-type-simple"},"_links":{"self":[{"href":"https:\/\/minikkitap.com\/index.php\/wp-json\/wp\/v2\/product\/30166","targetHints":{"allow":["GET"]}}],"collection":[{"href":"https:\/\/minikkitap.com\/index.php\/wp-json\/wp\/v2\/product"}],"about":[{"href":"https:\/\/minikkitap.com\/index.php\/wp-json\/wp\/v2\/types\/product"}],"replies":[{"embeddable":true,"href":"https:\/\/minikkitap.com\/index.php\/wp-json\/wp\/v2\/comments?post=30166"}],"version-history":[{"count":1,"href":"https:\/\/minikkitap.com\/index.php\/wp-json\/wp\/v2\/product\/30166\/revisions"}],"predecessor-version":[{"id":30167,"href":"https:\/\/minikkitap.com\/index.php\/wp-json\/wp\/v2\/product\/30166\/revisions\/30167"}],"wp:featuredmedia":[{"embeddable":true,"href":"https:\/\/minikkitap.com\/index.php\/wp-json\/wp\/v2\/media\/31341"}],"wp:attachment":[{"href":"https:\/\/minikkitap.com\/index.php\/wp-json\/wp\/v2\/media?parent=30166"}],"wp:term":[{"taxonomy":"product_brand","embeddable":true,"href":"https:\/\/minikkitap.com\/index.php\/wp-json\/wp\/v2\/product_brand?post=30166"},{"taxonomy":"product_cat","embeddable":true,"href":"https:\/\/minikkitap.com\/index.php\/wp-json\/wp\/v2\/product_cat?post=30166"},{"taxonomy":"product_tag","embeddable":true,"href":"https:\/\/minikkitap.com\/index.php\/wp-json\/wp\/v2\/product_tag?post=30166"}],"curies":[{"name":"wp","href":"https:\/\/api.w.org\/{rel}","templated":true}]}}