{"id":30154,"date":"2025-07-02T08:00:12","date_gmt":"2025-07-02T08:00:12","guid":{"rendered":"https:\/\/minikkitap.com\/index.php\/product\/gobekli-tepe-muhafizi\/"},"modified":"2025-07-02T08:00:29","modified_gmt":"2025-07-02T08:00:29","slug":"gobekli-tepe-muhafizi","status":"publish","type":"product","link":"https:\/\/minikkitap.com\/index.php\/product\/gobekli-tepe-muhafizi\/","title":{"rendered":"G\u00d6BEKL\u0130 TEPE MUHAFIZI"},"content":{"rendered":"<p>KAD\u0130M B\u0130LGEL\u0130\u011e\u0130N SIRLI A\u011eZI H\u0130KMET SAH\u0130PLER\u0130YLE FISILDA\u015eIYOR!Dilbilimci annesini Milas Musevi Mezarl\u0131\u011f\u0131&#8217;nda son yolculu\u011funa u\u011furlayan Kamil&#8217;in hayat\u0131, hi\u00e7 tan\u0131mad\u0131\u011f\u0131 Harranl\u0131 bir adam\u0131n, evini sat\u0131n almak istemesiyle alt \u00fcst olur. Milas yak\u0131nlar\u0131nda cesedi bulunan adam\u0131n konu\u015ftu\u011fu son ki\u015fi Kamil&#8217;dir ve o daha annesinin yas\u0131n\u0131 tutarken kendini bir anda cinayet zanl\u0131s\u0131 olarak nezarette bulur.\u015eartl\u0131 sal\u0131verilmesinin ard\u0131ndan ger\u00e7e\u011fin pe\u015fine d\u00fc\u015fen Kamil, lo\u015f odas\u0131nda adeta bir mabede girercesine a\u00e7t\u0131\u011f\u0131 bilgisayar\u0131n\u0131n \u00f6n\u00fcne d\u00f6kt\u00fc\u011f\u00fc \u015fifreleri \u00e7\u00f6zd\u00fck\u00e7e yolu, binlerce y\u0131l \u00f6nce Afrika&#8217;n\u0131n ortas\u0131nda nurlanan insano\u011flunun d\u00f6n\u00fc\u015f\u00fcm hik\u00e2yesinin yaz\u0131ld\u0131\u011f\u0131 G\u00f6bekli Tepe&#8217;ye \u00e7\u0131kar.  Peki G\u00f6bekli Tepe neresidir?Anadolu&#8217;nun en derin ve kadim s\u0131rlar\u0131n\u0131n f\u0131s\u0131ldand\u0131\u011f\u0131, gizemli inan\u00e7larla tek tanr\u0131l\u0131 dinlerin harmanland\u0131\u011f\u0131, ehil olmayanlara kapal\u0131 olan s\u0131rlar\u0131n sakland\u0131\u011f\u0131 ve insanl\u0131k tarihinin ba\u015ftan yaz\u0131ld\u0131\u011f\u0131 bir mabet&#8230;Ve t\u00fcm bunlar\u0131 koruyan dilsiz muhaf\u0131z\u0131n s\u0131rr\u0131na ancak hikmet sahiplerinin vak\u0131f olabildi\u011fi, zaman ve mek\u00e2ndan azade bir u\u011frak yeri&#8230;.<\/p>\n","protected":false},"excerpt":{"rendered":"<p>Author Name : YONCA ELDENER<\/p>\n","protected":false},"featured_media":31331,"comment_status":"closed","ping_status":"open","template":"","meta":[],"product_brand":[],"product_cat":[74],"product_tag":[],"class_list":{"0":"post-30154","1":"product","2":"type-product","3":"status-publish","4":"has-post-thumbnail","6":"product_cat-kurgu","8":"first","9":"instock","10":"purchasable","11":"product-type-simple"},"_links":{"self":[{"href":"https:\/\/minikkitap.com\/index.php\/wp-json\/wp\/v2\/product\/30154","targetHints":{"allow":["GET"]}}],"collection":[{"href":"https:\/\/minikkitap.com\/index.php\/wp-json\/wp\/v2\/product"}],"about":[{"href":"https:\/\/minikkitap.com\/index.php\/wp-json\/wp\/v2\/types\/product"}],"replies":[{"embeddable":true,"href":"https:\/\/minikkitap.com\/index.php\/wp-json\/wp\/v2\/comments?post=30154"}],"version-history":[{"count":1,"href":"https:\/\/minikkitap.com\/index.php\/wp-json\/wp\/v2\/product\/30154\/revisions"}],"predecessor-version":[{"id":30155,"href":"https:\/\/minikkitap.com\/index.php\/wp-json\/wp\/v2\/product\/30154\/revisions\/30155"}],"wp:featuredmedia":[{"embeddable":true,"href":"https:\/\/minikkitap.com\/index.php\/wp-json\/wp\/v2\/media\/31331"}],"wp:attachment":[{"href":"https:\/\/minikkitap.com\/index.php\/wp-json\/wp\/v2\/media?parent=30154"}],"wp:term":[{"taxonomy":"product_brand","embeddable":true,"href":"https:\/\/minikkitap.com\/index.php\/wp-json\/wp\/v2\/product_brand?post=30154"},{"taxonomy":"product_cat","embeddable":true,"href":"https:\/\/minikkitap.com\/index.php\/wp-json\/wp\/v2\/product_cat?post=30154"},{"taxonomy":"product_tag","embeddable":true,"href":"https:\/\/minikkitap.com\/index.php\/wp-json\/wp\/v2\/product_tag?post=30154"}],"curies":[{"name":"wp","href":"https:\/\/api.w.org\/{rel}","templated":true}]}}