{"id":30102,"date":"2025-07-02T07:59:50","date_gmt":"2025-07-02T07:59:50","guid":{"rendered":"https:\/\/minikkitap.com\/index.php\/product\/umudun-zaferi\/"},"modified":"2025-07-02T08:00:11","modified_gmt":"2025-07-02T08:00:11","slug":"umudun-zaferi","status":"publish","type":"product","link":"https:\/\/minikkitap.com\/index.php\/product\/umudun-zaferi\/","title":{"rendered":"UMUDUN ZAFER\u0130"},"content":{"rendered":"<p>On d\u00f6rt ya\u015f\u0131ndaki k\u0131zak\u00e7\u0131 Victoria Secord&#8217;\u0131n babas\u0131n\u0131n \u00f6l\u00fcm\u00fc onun t\u00fcm ya\u015fam\u0131n\u0131 de\u011fi\u015ftirir. Art\u0131k en b\u00fcy\u00fck hayali b\u00fcy\u00fck bir k\u0131zak\u00e7\u0131 olan babas\u0131 i\u00e7in \u201cBeyaz Kurt\u201d yar\u0131\u015fmas\u0131n\u0131 kazanmakt\u0131r.Alaska ormanlar\u0131nda yaral\u0131 bir \u00e7ocuk ve korkun\u00e7 kar f\u0131rt\u0131nas\u0131, Victoria ve k\u00f6pek tak\u0131m\u0131n\u0131 haz\u0131rl\u0131ks\u0131z yakalay\u0131nca, s\u0131radan bir yolculuk \u00f6l\u00fcm kal\u0131m m\u00fccadelesine d\u00f6n\u00fc\u015f\u00fcr.Victoria, Alaska&#8217;n\u0131n vah\u015fi ya\u015fam\u0131 ve dondurucu so\u011fu\u011fuyla ba\u015f ba\u015fad\u0131r art\u0131k.Acaba yolunu kaybeden Victoria, Alaska&#8217;n\u0131n vah\u015fi do\u011fas\u0131yla, a\u00e7l\u0131k ve dondurucu so\u011fukla ba\u015f edebilecek midir?Umudun Zaferi, her \u015feye ra\u011fmen zorluklarla m\u00fccadele etmenin, sonuna kadar direnmenin, dostlu\u011fun ve babaya adanm\u0131\u015f bir zaferin \u00f6yk\u00fcs\u00fc&#8230;<\/p>\n","protected":false},"excerpt":{"rendered":"<p>Author Name : TERRY LYNN JOHNSON<\/p>\n","protected":false},"featured_media":31291,"comment_status":"closed","ping_status":"open","template":"","meta":[],"product_brand":[],"product_cat":[75],"product_tag":[],"class_list":{"0":"post-30102","1":"product","2":"type-product","3":"status-publish","4":"has-post-thumbnail","6":"product_cat-genclik-kitaplari","8":"first","9":"instock","10":"purchasable","11":"product-type-simple"},"_links":{"self":[{"href":"https:\/\/minikkitap.com\/index.php\/wp-json\/wp\/v2\/product\/30102","targetHints":{"allow":["GET"]}}],"collection":[{"href":"https:\/\/minikkitap.com\/index.php\/wp-json\/wp\/v2\/product"}],"about":[{"href":"https:\/\/minikkitap.com\/index.php\/wp-json\/wp\/v2\/types\/product"}],"replies":[{"embeddable":true,"href":"https:\/\/minikkitap.com\/index.php\/wp-json\/wp\/v2\/comments?post=30102"}],"version-history":[{"count":1,"href":"https:\/\/minikkitap.com\/index.php\/wp-json\/wp\/v2\/product\/30102\/revisions"}],"predecessor-version":[{"id":30103,"href":"https:\/\/minikkitap.com\/index.php\/wp-json\/wp\/v2\/product\/30102\/revisions\/30103"}],"wp:featuredmedia":[{"embeddable":true,"href":"https:\/\/minikkitap.com\/index.php\/wp-json\/wp\/v2\/media\/31291"}],"wp:attachment":[{"href":"https:\/\/minikkitap.com\/index.php\/wp-json\/wp\/v2\/media?parent=30102"}],"wp:term":[{"taxonomy":"product_brand","embeddable":true,"href":"https:\/\/minikkitap.com\/index.php\/wp-json\/wp\/v2\/product_brand?post=30102"},{"taxonomy":"product_cat","embeddable":true,"href":"https:\/\/minikkitap.com\/index.php\/wp-json\/wp\/v2\/product_cat?post=30102"},{"taxonomy":"product_tag","embeddable":true,"href":"https:\/\/minikkitap.com\/index.php\/wp-json\/wp\/v2\/product_tag?post=30102"}],"curies":[{"name":"wp","href":"https:\/\/api.w.org\/{rel}","templated":true}]}}