{"id":29872,"date":"2026-03-07T22:00:05","date_gmt":"2026-03-07T22:00:05","guid":{"rendered":"https:\/\/minikkitap.com\/index.php\/product\/ilkogretim-turkce-altin-sozluk\/"},"modified":"2026-03-07T22:00:05","modified_gmt":"2026-03-07T22:00:05","slug":"ilkogretim-turkce-altin-sozluk","status":"publish","type":"product","link":"https:\/\/minikkitap.com\/index.php\/product\/ilkogretim-turkce-altin-sozluk\/","title":{"rendered":"\u0130LK\u00d6\u011eRET\u0130M T\u00dcRK\u00c7E ALTIN S\u00d6ZL\u00dcK"},"content":{"rendered":"<p>Sevgili \u00f6\u011frenciler, bu s\u00f6zl\u00fck ilk\u00f6\u011fretim hayat\u0131 boyunca tek bir T\u00fcrk\u00e7e s\u00f6zl\u00fck kullan\u0131lmas\u0131 ilkesine g\u00f6re haz\u0131rlanm\u0131\u015ft\u0131r. Alt\u0131n T\u00fcrk\u00e7e s\u00f6zl\u00fck, Bat\u0131 \u00f6l\u00e7\u00fclerindeki teknik \u00f6zellikleri ve eksiksiz i\u00e7eri\u011fiyle lise y\u0131llar\u0131na kadar en b\u00fcy\u00fck yard\u0131mc\u0131n\u0131z olacakt\u0131r.<\/p>\n","protected":false},"excerpt":{"rendered":"<p>Author Name : KOLEKT\u0130F<\/p>\n","protected":false},"featured_media":31082,"comment_status":"closed","ping_status":"open","template":"","meta":[],"product_brand":[],"product_cat":[76],"product_tag":[],"class_list":{"0":"post-29872","1":"product","2":"type-product","3":"status-publish","4":"has-post-thumbnail","6":"product_cat-sozlukler-ve-atlaslar","8":"first","9":"instock","10":"purchasable","11":"product-type-simple"},"_links":{"self":[{"href":"https:\/\/minikkitap.com\/index.php\/wp-json\/wp\/v2\/product\/29872","targetHints":{"allow":["GET"]}}],"collection":[{"href":"https:\/\/minikkitap.com\/index.php\/wp-json\/wp\/v2\/product"}],"about":[{"href":"https:\/\/minikkitap.com\/index.php\/wp-json\/wp\/v2\/types\/product"}],"replies":[{"embeddable":true,"href":"https:\/\/minikkitap.com\/index.php\/wp-json\/wp\/v2\/comments?post=29872"}],"version-history":[{"count":1,"href":"https:\/\/minikkitap.com\/index.php\/wp-json\/wp\/v2\/product\/29872\/revisions"}],"predecessor-version":[{"id":29873,"href":"https:\/\/minikkitap.com\/index.php\/wp-json\/wp\/v2\/product\/29872\/revisions\/29873"}],"wp:featuredmedia":[{"embeddable":true,"href":"https:\/\/minikkitap.com\/index.php\/wp-json\/wp\/v2\/media\/31082"}],"wp:attachment":[{"href":"https:\/\/minikkitap.com\/index.php\/wp-json\/wp\/v2\/media?parent=29872"}],"wp:term":[{"taxonomy":"product_brand","embeddable":true,"href":"https:\/\/minikkitap.com\/index.php\/wp-json\/wp\/v2\/product_brand?post=29872"},{"taxonomy":"product_cat","embeddable":true,"href":"https:\/\/minikkitap.com\/index.php\/wp-json\/wp\/v2\/product_cat?post=29872"},{"taxonomy":"product_tag","embeddable":true,"href":"https:\/\/minikkitap.com\/index.php\/wp-json\/wp\/v2\/product_tag?post=29872"}],"curies":[{"name":"wp","href":"https:\/\/api.w.org\/{rel}","templated":true}]}}