{"id":29850,"date":"2025-07-02T07:58:15","date_gmt":"2025-07-02T07:58:15","guid":{"rendered":"https:\/\/minikkitap.com\/index.php\/product\/kirilmayan-hayaller\/"},"modified":"2025-07-02T07:58:30","modified_gmt":"2025-07-02T07:58:30","slug":"kirilmayan-hayaller","status":"publish","type":"product","link":"https:\/\/minikkitap.com\/index.php\/product\/kirilmayan-hayaller\/","title":{"rendered":"KIRILMAYAN HAYALLER"},"content":{"rendered":"<p>Kendi pop-up kitab\u0131n\u0131 kendin yap! Alt\u0131n Kitaplar Tu\u0308rkiye&#8217;nin ilk yerli pop-up \u00e7al\u0131\u015fmas\u0131 ile kar\u015f\u0131n\u0131zda!Oku, D\u00fc\u015f\u00fcn, Tart\u0131\u015f, Boya, Kes, Yap\u0131\u015ft\u0131r Camsu&#8217;nun da t\u00fcm \u00e7ocuklar gibi ihtiya\u00e7lar\u0131 var. Hayalleri ve yapmak istedikleri var. Ama bedeninin cam olu\u015fu her \u015feyi daha da zorla\u015ft\u0131r\u0131yor. Yapamad\u0131klar\u0131 ve yapmas\u0131na izin verilmeyen \u015feyler g\u00fcn ge\u00e7tik\u00e7e \u00e7o\u011fal\u0131yor. Ama Camsu&#8217;nun as\u0131l hik\u00e2yesi haklar\u0131 i\u00e7in m\u00fccadele etmeye karar verdi\u011finde ba\u015fl\u0131yor. Bu kararla yola d\u00fc\u015fen Camsu&#8217;yu \u00e7etin bir yolculuk bekliyor. Bu \u00f6yk\u00fcy\u00fc kurgulayan on be\u015f \u00e7ocuk yanlar\u0131na Camsu&#8217;yu da katarak uzun bir yolculu\u011fa \u00e7\u0131kt\u0131. Elbette bu sadece Camsu&#8217;nun ve on be\u015f \u00e7ocu\u011fun yolculu\u011fu de\u011fil. Haklar\u0131n\u0131n pe\u015fine d\u00fc\u015fen t\u00fcm \u00e7ocuklar\u0131n, \u00e7ocuklar\u0131 s\u0131r\u00e7a k\u00f6\u015fklerde b\u00fcy\u00fctmeyen ve onlar\u0131n ya\u015fam yolculu\u011funu destekleyen yeti\u015fkinlerin, her \u015feye ra\u011fmen k\u0131r\u0131lmayan d\u00fc\u015flerin ve ger\u00e7eklerin yolculu\u011fu. Bir hak u\u011fruna bazen bir \u00f6m\u00fcr verilse de, yollar\u0131n ve yolculuklar\u0131n hi\u00e7 bitmedi\u011fini biliyoruz. Umudumuz da hayallerimiz de bitmiyor ve hi\u00e7 bitmeyecek. \u00c7\u00fcnk\u00fc ya\u015fam varsa umut da var&#8230; Ve umut en \u00e7ok \u00e7ocuklarda var. Camsu&#8217;nun k\u0131r\u0131lmayan hayallerinin \u00f6yk\u00fcs\u00fcn\u00fc okuyup d\u00fc\u015f\u00fcnerek, d\u00fc\u015f\u00fcncelerinizi somutla\u015ft\u0131r\u0131p \u00e7izerek, onlar\u0131 boyayarak ve kesip yap\u0131\u015ft\u0131rarak siz de bu yolculu\u011fa \u00e7\u0131kabilir, siz de bizim yol arkada\u015f\u0131m\u0131z olabilirsiniz.\u00a0<\/p>\n","protected":false},"excerpt":{"rendered":"<p>Author Name : KOLEKT\u0130F<\/p>\n","protected":false},"featured_media":31065,"comment_status":"closed","ping_status":"open","template":"","meta":[],"product_brand":[],"product_cat":[72],"product_tag":[],"class_list":{"0":"post-29850","1":"product","2":"type-product","3":"status-publish","4":"has-post-thumbnail","6":"product_cat-cocuk-kitaplari","8":"first","9":"instock","10":"purchasable","11":"product-type-simple"},"_links":{"self":[{"href":"https:\/\/minikkitap.com\/index.php\/wp-json\/wp\/v2\/product\/29850","targetHints":{"allow":["GET"]}}],"collection":[{"href":"https:\/\/minikkitap.com\/index.php\/wp-json\/wp\/v2\/product"}],"about":[{"href":"https:\/\/minikkitap.com\/index.php\/wp-json\/wp\/v2\/types\/product"}],"replies":[{"embeddable":true,"href":"https:\/\/minikkitap.com\/index.php\/wp-json\/wp\/v2\/comments?post=29850"}],"version-history":[{"count":1,"href":"https:\/\/minikkitap.com\/index.php\/wp-json\/wp\/v2\/product\/29850\/revisions"}],"predecessor-version":[{"id":29851,"href":"https:\/\/minikkitap.com\/index.php\/wp-json\/wp\/v2\/product\/29850\/revisions\/29851"}],"wp:featuredmedia":[{"embeddable":true,"href":"https:\/\/minikkitap.com\/index.php\/wp-json\/wp\/v2\/media\/31065"}],"wp:attachment":[{"href":"https:\/\/minikkitap.com\/index.php\/wp-json\/wp\/v2\/media?parent=29850"}],"wp:term":[{"taxonomy":"product_brand","embeddable":true,"href":"https:\/\/minikkitap.com\/index.php\/wp-json\/wp\/v2\/product_brand?post=29850"},{"taxonomy":"product_cat","embeddable":true,"href":"https:\/\/minikkitap.com\/index.php\/wp-json\/wp\/v2\/product_cat?post=29850"},{"taxonomy":"product_tag","embeddable":true,"href":"https:\/\/minikkitap.com\/index.php\/wp-json\/wp\/v2\/product_tag?post=29850"}],"curies":[{"name":"wp","href":"https:\/\/api.w.org\/{rel}","templated":true}]}}