{"id":29800,"date":"2026-03-07T22:00:05","date_gmt":"2026-03-07T22:00:05","guid":{"rendered":"https:\/\/minikkitap.com\/index.php\/product\/gizli-bahce-masallari\/"},"modified":"2026-03-07T22:00:05","modified_gmt":"2026-03-07T22:00:05","slug":"gizli-bahce-masallari","status":"publish","type":"product","link":"https:\/\/minikkitap.com\/index.php\/product\/gizli-bahce-masallari\/","title":{"rendered":"G\u0130ZL\u0130 BAH\u00c7E MASALLARI"},"content":{"rendered":"<p>\u201c\u0130sterdim ki \u00e7ocuklar ger\u00e7ekten bir bah\u00e7e i\u00e7inde b\u00fcy\u00fcs\u00fcnler. \u00c7ile\u011fin kokusunu, \u0131spana\u011f\u0131n ye\u015filini bilsinler. Tohum nedir, \u00f6nemli midir, az\u0131c\u0131k d\u00fc\u015f\u00fcns\u00fcnler. Ay\u00e7i\u00e7e\u011fi g\u00f6lgesinde masallar dinlesinler. Marul ile salyangoz nas\u0131l dertle\u015fir, kulak versinler. Oysa d\u00fcnya darald\u0131, bah\u00e7eler azald\u0131k\u00e7a azald\u0131&#8230; Buna bir \u00e7\u00f6z\u00fcm bulmal\u0131.Toprak canl\u0131, toprak s\u0131cak, toprak bereketli, toprak bir \u00e7ocuk gibi heyecanl\u0131. Ama baz\u0131 insanlar yok eder bu heyecan\u0131. Do\u011fay\u0131 anlayan, do\u011fan\u0131n maceras\u0131n\u0131 seven \u00e7ocuklar \u00e7o\u011fald\u0131k\u00e7a d\u00fcnya yine g\u00fczel bir bah\u00e7e olacak. \u0130\u015fte bu masallar o \u00e7ocuklar i\u00e7in yaz\u0131ld\u0131.\u201d<\/p>\n","protected":false},"excerpt":{"rendered":"<p>Author Name : M\u0130YASE SERTBARUT<\/p>\n","protected":false},"featured_media":31025,"comment_status":"closed","ping_status":"open","template":"","meta":[],"product_brand":[],"product_cat":[72],"product_tag":[],"class_list":{"0":"post-29800","1":"product","2":"type-product","3":"status-publish","4":"has-post-thumbnail","6":"product_cat-cocuk-kitaplari","8":"first","9":"instock","10":"purchasable","11":"product-type-simple"},"_links":{"self":[{"href":"https:\/\/minikkitap.com\/index.php\/wp-json\/wp\/v2\/product\/29800","targetHints":{"allow":["GET"]}}],"collection":[{"href":"https:\/\/minikkitap.com\/index.php\/wp-json\/wp\/v2\/product"}],"about":[{"href":"https:\/\/minikkitap.com\/index.php\/wp-json\/wp\/v2\/types\/product"}],"replies":[{"embeddable":true,"href":"https:\/\/minikkitap.com\/index.php\/wp-json\/wp\/v2\/comments?post=29800"}],"version-history":[{"count":1,"href":"https:\/\/minikkitap.com\/index.php\/wp-json\/wp\/v2\/product\/29800\/revisions"}],"predecessor-version":[{"id":29801,"href":"https:\/\/minikkitap.com\/index.php\/wp-json\/wp\/v2\/product\/29800\/revisions\/29801"}],"wp:featuredmedia":[{"embeddable":true,"href":"https:\/\/minikkitap.com\/index.php\/wp-json\/wp\/v2\/media\/31025"}],"wp:attachment":[{"href":"https:\/\/minikkitap.com\/index.php\/wp-json\/wp\/v2\/media?parent=29800"}],"wp:term":[{"taxonomy":"product_brand","embeddable":true,"href":"https:\/\/minikkitap.com\/index.php\/wp-json\/wp\/v2\/product_brand?post=29800"},{"taxonomy":"product_cat","embeddable":true,"href":"https:\/\/minikkitap.com\/index.php\/wp-json\/wp\/v2\/product_cat?post=29800"},{"taxonomy":"product_tag","embeddable":true,"href":"https:\/\/minikkitap.com\/index.php\/wp-json\/wp\/v2\/product_tag?post=29800"}],"curies":[{"name":"wp","href":"https:\/\/api.w.org\/{rel}","templated":true}]}}