{"id":29700,"date":"2025-07-02T07:57:14","date_gmt":"2025-07-02T07:57:14","guid":{"rendered":"https:\/\/minikkitap.com\/index.php\/product\/yorganci-hayal-agaci-ve-kalayci\/"},"modified":"2025-07-02T07:57:21","modified_gmt":"2025-07-02T07:57:21","slug":"yorganci-hayal-agaci-ve-kalayci","status":"publish","type":"product","link":"https:\/\/minikkitap.com\/index.php\/product\/yorganci-hayal-agaci-ve-kalayci\/","title":{"rendered":"YORGANCI HAYAL A\u011eACI VE KALAYCI"},"content":{"rendered":"<p>Siz de mi tatili iple \u00e7ekenlerdensiniz? O h\u00e2lde bu yaz Bora ile Titrekkavak&#8217;a gitmeye, orada Bora&#8217;n\u0131n babaannesinin kuyruklu dostlar\u0131 ile tan\u0131\u015fmaya ne dersiniz? \u00d6devlerden s\u0131k\u0131ld\u0131ysan\u0131z belki de Korsanlar Kral\u0131 Timuti size yard\u0131m edebilir. \u201cBay\u0131l\u0131r\u0131m maceraya!\u201d diyenler, maymun yakalama operasyonu sizi bekliyor. Dikkat! Birbirinden heyecanl\u0131 bu \u00f6yk\u00fcleri okurken, \u201cAh bizim evde de elektrikler kesilse! \u015eu ocak k\u0131v\u0131lc\u0131mland\u0131ranlar, kap\u0131 g\u0131c\u0131rdatanlar bize de u\u011frasa.\u201d diyeceksiniz. Yorganc\u0131 ve kalayc\u0131y\u0131 \u00f6zleyecek, acemi \u015faire \u00e7ok g\u00fclecek, hayal a\u011fac\u0131n\u0131n ve hayalbaz\u0131n pe\u015fine d\u00fc\u015feceksiniz. Koray Avc\u0131 \u00c7akman yine \u00e7ocuk d\u00fcnyas\u0131na, g\u00f6nl\u00fcne ve hayallerine dokunuyor. S\u0131cak bir dostluk tad\u0131nda, bir \u00e7ocuk kahkahas\u0131nda\u2026<\/p>\n","protected":false},"excerpt":{"rendered":"<p>Author Name : KORAY AVCI \u00c7AKMAN<\/p>\n","protected":false},"featured_media":30931,"comment_status":"closed","ping_status":"open","template":"","meta":[],"product_brand":[],"product_cat":[72],"product_tag":[],"class_list":{"0":"post-29700","1":"product","2":"type-product","3":"status-publish","4":"has-post-thumbnail","6":"product_cat-cocuk-kitaplari","8":"first","9":"instock","10":"purchasable","11":"product-type-simple"},"_links":{"self":[{"href":"https:\/\/minikkitap.com\/index.php\/wp-json\/wp\/v2\/product\/29700","targetHints":{"allow":["GET"]}}],"collection":[{"href":"https:\/\/minikkitap.com\/index.php\/wp-json\/wp\/v2\/product"}],"about":[{"href":"https:\/\/minikkitap.com\/index.php\/wp-json\/wp\/v2\/types\/product"}],"replies":[{"embeddable":true,"href":"https:\/\/minikkitap.com\/index.php\/wp-json\/wp\/v2\/comments?post=29700"}],"version-history":[{"count":1,"href":"https:\/\/minikkitap.com\/index.php\/wp-json\/wp\/v2\/product\/29700\/revisions"}],"predecessor-version":[{"id":29701,"href":"https:\/\/minikkitap.com\/index.php\/wp-json\/wp\/v2\/product\/29700\/revisions\/29701"}],"wp:featuredmedia":[{"embeddable":true,"href":"https:\/\/minikkitap.com\/index.php\/wp-json\/wp\/v2\/media\/30931"}],"wp:attachment":[{"href":"https:\/\/minikkitap.com\/index.php\/wp-json\/wp\/v2\/media?parent=29700"}],"wp:term":[{"taxonomy":"product_brand","embeddable":true,"href":"https:\/\/minikkitap.com\/index.php\/wp-json\/wp\/v2\/product_brand?post=29700"},{"taxonomy":"product_cat","embeddable":true,"href":"https:\/\/minikkitap.com\/index.php\/wp-json\/wp\/v2\/product_cat?post=29700"},{"taxonomy":"product_tag","embeddable":true,"href":"https:\/\/minikkitap.com\/index.php\/wp-json\/wp\/v2\/product_tag?post=29700"}],"curies":[{"name":"wp","href":"https:\/\/api.w.org\/{rel}","templated":true}]}}