{"id":29528,"date":"2026-03-07T22:00:04","date_gmt":"2026-03-07T22:00:04","guid":{"rendered":"https:\/\/minikkitap.com\/index.php\/product\/karne-hediyesi-at-kestanesi\/"},"modified":"2026-03-07T22:00:05","modified_gmt":"2026-03-07T22:00:05","slug":"karne-hediyesi-at-kestanesi","status":"publish","type":"product","link":"https:\/\/minikkitap.com\/index.php\/product\/karne-hediyesi-at-kestanesi\/","title":{"rendered":"KARNE HED\u0130YES\u0130 &#8211; AT KESTANES\u0130"},"content":{"rendered":"<p>Babas\u0131, Suphi&#8217;ye her d\u00f6nem sonunda karne hediyesi olarak at kestanesi toplard\u0131. Anlayaca\u011f\u0131n\u0131z biraz tuhaf bir adamd\u0131. Ama Suphi de pek normal say\u0131lmazd\u0131, \u00e7al\u0131\u015fmad\u0131\u011f\u0131 h\u00e2lde s\u0131navdan en y\u00fcksek notu alaca\u011f\u0131n\u0131 umard\u0131. Her s\u0131nav \u00f6ncesi kurnazca planlar yapar, hileli yollara sapard\u0131. Bu nedenle ba\u015f\u0131 beladan hi\u00e7 kurtulmazd\u0131. Taaa ki okul m\u00fcd\u00fcr\u00fc onu odas\u0131na \u00e7a\u011f\u0131rana dek&#8230; Suphi&#8217;yi seveceksiniz \u00e7\u00fcnk\u00fc Suphi sizden biri, ya \u00f6n\u00fcn\u00fczdeki s\u0131rada oturuyor ya arkan\u0131zdaki. Aman dikkat, yan\u0131n\u0131zda oturuyorsa i\u015fte o zaman yand\u0131\u011f\u0131n\u0131z\u0131n resmi!<\/p>\n","protected":false},"excerpt":{"rendered":"<p>Author Name : M\u0130YASE SERTBARUT<\/p>\n","protected":false},"featured_media":30774,"comment_status":"closed","ping_status":"open","template":"","meta":[],"product_brand":[],"product_cat":[72],"product_tag":[],"class_list":{"0":"post-29528","1":"product","2":"type-product","3":"status-publish","4":"has-post-thumbnail","6":"product_cat-cocuk-kitaplari","8":"first","9":"instock","10":"purchasable","11":"product-type-simple"},"_links":{"self":[{"href":"https:\/\/minikkitap.com\/index.php\/wp-json\/wp\/v2\/product\/29528","targetHints":{"allow":["GET"]}}],"collection":[{"href":"https:\/\/minikkitap.com\/index.php\/wp-json\/wp\/v2\/product"}],"about":[{"href":"https:\/\/minikkitap.com\/index.php\/wp-json\/wp\/v2\/types\/product"}],"replies":[{"embeddable":true,"href":"https:\/\/minikkitap.com\/index.php\/wp-json\/wp\/v2\/comments?post=29528"}],"version-history":[{"count":1,"href":"https:\/\/minikkitap.com\/index.php\/wp-json\/wp\/v2\/product\/29528\/revisions"}],"predecessor-version":[{"id":29529,"href":"https:\/\/minikkitap.com\/index.php\/wp-json\/wp\/v2\/product\/29528\/revisions\/29529"}],"wp:featuredmedia":[{"embeddable":true,"href":"https:\/\/minikkitap.com\/index.php\/wp-json\/wp\/v2\/media\/30774"}],"wp:attachment":[{"href":"https:\/\/minikkitap.com\/index.php\/wp-json\/wp\/v2\/media?parent=29528"}],"wp:term":[{"taxonomy":"product_brand","embeddable":true,"href":"https:\/\/minikkitap.com\/index.php\/wp-json\/wp\/v2\/product_brand?post=29528"},{"taxonomy":"product_cat","embeddable":true,"href":"https:\/\/minikkitap.com\/index.php\/wp-json\/wp\/v2\/product_cat?post=29528"},{"taxonomy":"product_tag","embeddable":true,"href":"https:\/\/minikkitap.com\/index.php\/wp-json\/wp\/v2\/product_tag?post=29528"}],"curies":[{"name":"wp","href":"https:\/\/api.w.org\/{rel}","templated":true}]}}