{"id":29490,"date":"2025-07-02T07:55:23","date_gmt":"2025-07-02T07:55:23","guid":{"rendered":"https:\/\/minikkitap.com\/index.php\/product\/bin-lotluk-ceset\/"},"modified":"2025-07-02T07:55:35","modified_gmt":"2025-07-02T07:55:35","slug":"bin-lotluk-ceset","status":"publish","type":"product","link":"https:\/\/minikkitap.com\/index.php\/product\/bin-lotluk-ceset\/","title":{"rendered":"B\u0130N LOTLUK CESET"},"content":{"rendered":"<p>Para bazen her \u015feydir, bazen hi\u00e7bir \u015fey&#8230; \u00c7al\u0131\u015fanlar\u0131ndan birinin \u015firket s\u0131rlar\u0131n\u0131 rakip firmalara satt\u0131\u011f\u0131ndan \u015f\u00fcphelenen bir borsa arac\u0131s\u0131 taraf\u0131ndan tutulan Dedektif Remzi \u00dcnal, asl\u0131nda ba\u015fka bir amaca hizmet etti\u011fini d\u00fc\u015f\u00fcnmektedir. \u00c7\u00fcnk\u00fc \u015f\u00fcphelenilen eleman ola\u011fan\u00fcst\u00fc g\u00fczellikte bir kad\u0131nd\u0131r ve patron da mutsuz evlili\u011finden mustarip yaln\u0131z bir adam. Dedektifimiz, o kendine \u00f6zg\u00fc \u201c\u015fartlar\u0131\u201d kabul edilir edilmez, kad\u0131n\u0131 takibe koyulur. Sabah\u0131n erken saatlerinde k\u00f6pe\u011fini gezdirmeye \u00e7\u0131kan \u015f\u00fcphelinin pe\u015fine d\u00fc\u015ft\u00fc\u011f\u00fcnde, asl\u0131nda onu ba\u015fkalar\u0131n\u0131n da izledi\u011fini fark eder. Ancak onlar\u0131n amac\u0131n\u0131n ne oldu\u011funu anlamas\u0131na f\u0131rsat kalmadan alacakaranl\u0131\u011f\u0131 y\u0131rtan silah sesleriyle birlikte kendini kanl\u0131 bir maceran\u0131n i\u00e7inde bulur. Bin Lotluk Ceset size entrikalar ve yalanlarla dolu bir d\u00fcnyan\u0131n kap\u0131lar\u0131n\u0131 a\u00e7acak.<\/p>\n","protected":false},"excerpt":{"rendered":"<p>Author Name : CEL\u0130L OKER<\/p>\n","protected":false},"featured_media":30755,"comment_status":"closed","ping_status":"open","template":"","meta":[],"product_brand":[],"product_cat":[74],"product_tag":[],"class_list":{"0":"post-29490","1":"product","2":"type-product","3":"status-publish","4":"has-post-thumbnail","6":"product_cat-kurgu","8":"first","9":"instock","10":"purchasable","11":"product-type-simple"},"_links":{"self":[{"href":"https:\/\/minikkitap.com\/index.php\/wp-json\/wp\/v2\/product\/29490","targetHints":{"allow":["GET"]}}],"collection":[{"href":"https:\/\/minikkitap.com\/index.php\/wp-json\/wp\/v2\/product"}],"about":[{"href":"https:\/\/minikkitap.com\/index.php\/wp-json\/wp\/v2\/types\/product"}],"replies":[{"embeddable":true,"href":"https:\/\/minikkitap.com\/index.php\/wp-json\/wp\/v2\/comments?post=29490"}],"version-history":[{"count":1,"href":"https:\/\/minikkitap.com\/index.php\/wp-json\/wp\/v2\/product\/29490\/revisions"}],"predecessor-version":[{"id":29491,"href":"https:\/\/minikkitap.com\/index.php\/wp-json\/wp\/v2\/product\/29490\/revisions\/29491"}],"wp:featuredmedia":[{"embeddable":true,"href":"https:\/\/minikkitap.com\/index.php\/wp-json\/wp\/v2\/media\/30755"}],"wp:attachment":[{"href":"https:\/\/minikkitap.com\/index.php\/wp-json\/wp\/v2\/media?parent=29490"}],"wp:term":[{"taxonomy":"product_brand","embeddable":true,"href":"https:\/\/minikkitap.com\/index.php\/wp-json\/wp\/v2\/product_brand?post=29490"},{"taxonomy":"product_cat","embeddable":true,"href":"https:\/\/minikkitap.com\/index.php\/wp-json\/wp\/v2\/product_cat?post=29490"},{"taxonomy":"product_tag","embeddable":true,"href":"https:\/\/minikkitap.com\/index.php\/wp-json\/wp\/v2\/product_tag?post=29490"}],"curies":[{"name":"wp","href":"https:\/\/api.w.org\/{rel}","templated":true}]}}