{"id":29432,"date":"2026-03-07T22:00:04","date_gmt":"2026-03-07T22:00:04","guid":{"rendered":"https:\/\/minikkitap.com\/index.php\/product\/billy-summers\/"},"modified":"2026-03-07T22:00:04","modified_gmt":"2026-03-07T22:00:04","slug":"billy-summers","status":"publish","type":"product","link":"https:\/\/minikkitap.com\/index.php\/product\/billy-summers\/","title":{"rendered":"BILLY SUMMERS"},"content":{"rendered":"<p>\u201cTekinsiz hayal g\u00fcc\u00fcn\u00fc, dizginlenemez g\u00fcce \u00e7eviren\u201d efsanevi yazar Stephen King&#8217;den, profesyonel bir katil \u00fczerine heyecan verici bir roman. Billy Summers d\u00fcnyan\u0131n en iyi kiral\u0131k katili, madalyal\u0131 bir Irak Sava\u015f\u0131 gazisi, izini kaybettirmede sihirbaz Houdini kadar h\u00fcnerli bir keskin ni\u015fanc\u0131. Ancak sadece ger\u00e7ekten \u201ck\u00f6t\u00fc\u201d adamlar\u0131 hedef alan bu amans\u0131z katil art\u0131k emekliye ayr\u0131lmak istiyor. Bundan \u00f6nceyse son at\u0131\u015f\u0131n\u0131 yap\u0131p k\u00f6t\u00fcl\u00fck timsali bir adam\u0131 haklamal\u0131. Sonras\u0131nda s\u0131rra kadem basacak. Peki bu s\u00fcre\u00e7te ne yanl\u0131\u015f gidebilir ki? Muhtemelen her \u015fey.Stephen King&#8217;in son \u015faheseri Billy Summers, hem bir sava\u015f hik\u00e2yesi, hem de Amerika&#8217;n\u0131n k\u00fc\u00e7\u00fck kasabalar\u0131na ve orada ya\u015fayan insanlara yaz\u0131lm\u0131\u015f bir a\u015fk mektubu. Eli kanl\u0131 bir intikam roman\u0131. A\u015fk, \u015fans, kader ve kurtulu\u015f i\u00e7in tek at\u0131ml\u0131k kur\u015funu kalm\u0131\u015f karma\u015f\u0131k bir kahraman\u0131n karanl\u0131k hik\u00e2yesi.Bu roman\u0131 elinizden b\u0131rakamayacak ve Billy&#8217;yi asla unutamayacaks\u0131n\u0131z.New York Times\u00c7ok Satanlar Listesinde Bir NumaraEsquireY\u0131l\u0131n En \u0130yi Kitab\u0131Wall Street JournalY\u0131l\u0131n En Sevilen Kitab\u0131Goodreads Okur \u00d6d\u00fclleri En iyi Gerilim Finalisti<\/p>\n","protected":false},"excerpt":{"rendered":"<p>Author Name : STEPHEN KING<\/p>\n","protected":false},"featured_media":30726,"comment_status":"closed","ping_status":"open","template":"","meta":[],"product_brand":[],"product_cat":[74],"product_tag":[],"class_list":{"0":"post-29432","1":"product","2":"type-product","3":"status-publish","4":"has-post-thumbnail","6":"product_cat-kurgu","8":"first","9":"instock","10":"purchasable","11":"product-type-simple"},"_links":{"self":[{"href":"https:\/\/minikkitap.com\/index.php\/wp-json\/wp\/v2\/product\/29432","targetHints":{"allow":["GET"]}}],"collection":[{"href":"https:\/\/minikkitap.com\/index.php\/wp-json\/wp\/v2\/product"}],"about":[{"href":"https:\/\/minikkitap.com\/index.php\/wp-json\/wp\/v2\/types\/product"}],"replies":[{"embeddable":true,"href":"https:\/\/minikkitap.com\/index.php\/wp-json\/wp\/v2\/comments?post=29432"}],"version-history":[{"count":1,"href":"https:\/\/minikkitap.com\/index.php\/wp-json\/wp\/v2\/product\/29432\/revisions"}],"predecessor-version":[{"id":29433,"href":"https:\/\/minikkitap.com\/index.php\/wp-json\/wp\/v2\/product\/29432\/revisions\/29433"}],"wp:featuredmedia":[{"embeddable":true,"href":"https:\/\/minikkitap.com\/index.php\/wp-json\/wp\/v2\/media\/30726"}],"wp:attachment":[{"href":"https:\/\/minikkitap.com\/index.php\/wp-json\/wp\/v2\/media?parent=29432"}],"wp:term":[{"taxonomy":"product_brand","embeddable":true,"href":"https:\/\/minikkitap.com\/index.php\/wp-json\/wp\/v2\/product_brand?post=29432"},{"taxonomy":"product_cat","embeddable":true,"href":"https:\/\/minikkitap.com\/index.php\/wp-json\/wp\/v2\/product_cat?post=29432"},{"taxonomy":"product_tag","embeddable":true,"href":"https:\/\/minikkitap.com\/index.php\/wp-json\/wp\/v2\/product_tag?post=29432"}],"curies":[{"name":"wp","href":"https:\/\/api.w.org\/{rel}","templated":true}]}}