{"id":29032,"date":"2026-02-14T22:00:03","date_gmt":"2026-02-14T22:00:03","guid":{"rendered":"https:\/\/minikkitap.com\/index.php\/product\/uykuya-on-kala-minik-tekboynuz\/"},"modified":"2026-02-14T22:00:07","modified_gmt":"2026-02-14T22:00:07","slug":"uykuya-on-kala-minik-tekboynuz","status":"publish","type":"product","link":"https:\/\/minikkitap.com\/index.php\/product\/uykuya-on-kala-minik-tekboynuz\/","title":{"rendered":"UYKUYA ON KALA &#8211; M\u0130N\u0130K TEKBOYNUZ"},"content":{"rendered":"<p>Uyku zaman\u0131na on dakika kalm\u0131\u015ft\u0131. Ama Minik Tekboynuz&#8217;un uyumaya hi\u00e7 niyeti yoktu. Daha oynanacak pek \u00e7ok oyun, incelenecek bir s\u00fcr\u00fc \u015fey vard\u0131. Acaba on dakika i\u00e7inde Minik Tekboynuz&#8217;un uykusu gelecek miydi? Sihirli Uyku \u00dclkesi&#8217;nden gelen on dakikal\u0131k uyku masallar\u0131 minik okurlar\u0131m\u0131zla bulu\u015fmay\u0131 bekliyor&#8230;<\/p>\n","protected":false},"excerpt":{"rendered":"<p>Author Name : RHIANNAN FIELDING<\/p>\n","protected":false},"featured_media":30528,"comment_status":"closed","ping_status":"open","template":"","meta":[],"product_brand":[],"product_cat":[72],"product_tag":[],"class_list":{"0":"post-29032","1":"product","2":"type-product","3":"status-publish","4":"has-post-thumbnail","6":"product_cat-cocuk-kitaplari","8":"first","9":"instock","10":"purchasable","11":"product-type-simple"},"_links":{"self":[{"href":"https:\/\/minikkitap.com\/index.php\/wp-json\/wp\/v2\/product\/29032","targetHints":{"allow":["GET"]}}],"collection":[{"href":"https:\/\/minikkitap.com\/index.php\/wp-json\/wp\/v2\/product"}],"about":[{"href":"https:\/\/minikkitap.com\/index.php\/wp-json\/wp\/v2\/types\/product"}],"replies":[{"embeddable":true,"href":"https:\/\/minikkitap.com\/index.php\/wp-json\/wp\/v2\/comments?post=29032"}],"version-history":[{"count":1,"href":"https:\/\/minikkitap.com\/index.php\/wp-json\/wp\/v2\/product\/29032\/revisions"}],"predecessor-version":[{"id":29033,"href":"https:\/\/minikkitap.com\/index.php\/wp-json\/wp\/v2\/product\/29032\/revisions\/29033"}],"wp:featuredmedia":[{"embeddable":true,"href":"https:\/\/minikkitap.com\/index.php\/wp-json\/wp\/v2\/media\/30528"}],"wp:attachment":[{"href":"https:\/\/minikkitap.com\/index.php\/wp-json\/wp\/v2\/media?parent=29032"}],"wp:term":[{"taxonomy":"product_brand","embeddable":true,"href":"https:\/\/minikkitap.com\/index.php\/wp-json\/wp\/v2\/product_brand?post=29032"},{"taxonomy":"product_cat","embeddable":true,"href":"https:\/\/minikkitap.com\/index.php\/wp-json\/wp\/v2\/product_cat?post=29032"},{"taxonomy":"product_tag","embeddable":true,"href":"https:\/\/minikkitap.com\/index.php\/wp-json\/wp\/v2\/product_tag?post=29032"}],"curies":[{"name":"wp","href":"https:\/\/api.w.org\/{rel}","templated":true}]}}